{"id":302,"date":"2024-04-09T15:17:02","date_gmt":"2024-04-09T15:17:02","guid":{"rendered":"https:\/\/elastikepisode.com\/cookie-policy\/"},"modified":"2024-04-22T19:31:25","modified_gmt":"2024-04-22T19:31:25","slug":"cookie-policy","status":"publish","type":"page","link":"https:\/\/elastikepisode.com\/pt-pt\/cookie-policy\/","title":{"rendered":"Pol\u00edtica de Cookies"},"content":{"rendered":"\n<p>A Elastik Episode Lda utiliza cookies e tecnologias semelhantes para melhorar a sua experi\u00eancia ao navegar no nosso site. A sua privacidade e uma comunica\u00e7\u00e3o transparente s\u00e3o a nossa prioridade e a presente Pol\u00edtica de Cookies explica o que s\u00e3o cookies, como os utilizamos, e como pode, enquanto utilizador do nosso site, gerir as suas prefer\u00eancias em rela\u00e7\u00e3o a eles.<\/p>\n\n\n\n<h2 class=\"wp-block-heading\">1. O que s\u00e3o cookies?<\/h2>\n\n\n\n<p>Cookies s\u00e3o pequenos ficheiros de texto que s\u00e3o armazenados no seu dispositivo terminal (computador, smartphone, tablet) sempre que visita um site. S\u00e3o amplamente utilizados e podem ter v\u00e1rias finalidades, como gerir o desempenho do site, melhorar a sua experi\u00eancia de navega\u00e7\u00e3o ou guardar as suas prefer\u00eancias.<\/p>\n\n\n\n<h2 class=\"wp-block-heading\">2. Tipos de cookies utilizados<\/h2>\n\n\n\n<p><strong>2.1. Cookies essenciais<\/strong><\/p>\n\n\n\n<p>Cookies Essenciais Estes cookies s\u00e3o necess\u00e1rios para o correto funcionamento do site, permitindo ao utilizador navegar pelas suas p\u00e1ginas e aceder a \u00e1reas seguras. Sem estes cookies, o site n\u00e3o funcionaria adequadamente.<\/p>\n\n\n\n<p><strong>2.2. Cookies de desempenho<\/strong><\/p>\n\n\n\n<p>Estes cookies, fundamentais para compreendermos a forma como os visitantes utilizam o nosso site, recolhem dados como o n\u00famero de visitantes, p\u00e1ginas visitadas e o tempo passado em cada p\u00e1gina, elementos que nos s\u00e3o essenciais para melhorar o desempenho e a facilidade de utiliza\u00e7\u00e3o do site.<\/p>\n\n\n\n<p><strong>2.3. Cookies funcionais<\/strong><\/p>\n\n\n\n<p>Os cookies funcionais permitem ao site recordar as suas prefer\u00eancias (p. ex. de idioma ou regi\u00e3o) e oferecer funcionalidades otimizadas e personalizadas. Tamb\u00e9m podem ser utilizados para guardar personaliza\u00e7\u00f5es realizadas pelo utilizador, como, entre outros, o tipo de letra e o tamanho do texto exibido.<\/p>\n\n\n\n<p><strong>2.4. Cookies publicit\u00e1rios<\/strong><\/p>\n\n\n\n<p>Os cookies publicit\u00e1rios s\u00e3o utilizados para lhe servir an\u00fancios mais relevantes para si e para os seus interesses. As redes publicit\u00e1rias podem utiliz\u00e1-los para acompanhar a sua navega\u00e7\u00e3o ao longo de diferentes sites e compilar um perfil das suas prefer\u00eancias. Subsequentemente, estes dados s\u00e3o utilizados para lhe apresentar an\u00fancios selecionados com base no seu hist\u00f3rico de navega\u00e7\u00e3o e prefer\u00eancias.<\/p>\n\n\n\n<h2 class=\"wp-block-heading\">3. As suas escolhas em mat\u00e9ria de cookies<\/h2>\n\n\n\n<p><strong>3.1. Consentimento<\/strong><\/p>\n\n\n\n<p>Ao continuar a utilizar o nosso site, est\u00e1 a concordar com a nossa utiliza\u00e7\u00e3o de cookies da forma definida na presente Pol\u00edtica de Cookies. No entanto, como indicado abaixo, poder\u00e1 retirar o seu consentimento para a utiliza\u00e7\u00e3o de cookies em qualquer altura, atrav\u00e9s das defini\u00e7\u00f5es de cookies do navegador que utilizar.<\/p>\n\n\n\n<p><strong>3.2. Gest\u00e3o de cookies<\/strong><\/p>\n\n\n\n<p>O utilizador do site pode gerir as suas prefer\u00eancias de cookies atrav\u00e9s das defini\u00e7\u00f5es do seu navegador. A maioria dos navegadores da web permite bloquear e eliminar cookies do seu dispositivo, bem como configurar alertas de envio de cookies. No entanto, \u00e9 importante salientar que a desativa\u00e7\u00e3o de determinados cookies poder\u00e1 afetar a funcionalidade e o desempenho do nosso site.<\/p>\n\n\n\n<p><strong>3.3. Cookies de terceiros<\/strong><\/p>\n\n\n\n<p>Poder\u00e3o ser instalados no seu dispositivo cookies de terceiros, com origem em entidades exteriores \u00e0 Elastik Episode Lda, incluindo redes publicit\u00e1rias e plataformas de redes sociais. Estes cookies est\u00e3o sujeitos \u00e0s pol\u00edticas de privacidade dos terceiros que os colocam, cuja leitura recomendamos a fim de conhecer melhor a forma como utilizam cookies e outras tecnologias de rastreio.<\/p>\n\n\n\n<h2 class=\"wp-block-heading\">4. Altera\u00e7\u00f5es a esta Pol\u00edtica de Cookies<\/h2>\n\n\n\n<p>Reservamo-nos o direito de atualizar esta Pol\u00edtica de Cookies para refletir altera\u00e7\u00f5es nas nossas pr\u00e1ticas ou estipula\u00e7\u00f5es legais. Quaisquer altera\u00e7\u00f5es \u00e0 utiliza\u00e7\u00e3o de cookies apenas ser\u00e3o realizadas ap\u00f3s a publica\u00e7\u00e3o da vers\u00e3o correspondente desta pol\u00edtica no nosso site. Recomendamos que reveja periodicamente esta Pol\u00edtica de Cookies para se manter a par de eventuais atualiza\u00e7\u00f5es ao n\u00edvel da nossa utiliza\u00e7\u00e3o de cookies e das suas op\u00e7\u00f5es para os gerir.<\/p>\n\n\n\n<h2 class=\"wp-block-heading\">5. Contacte-nos<\/h2>\n\n\n\n<p>Para qualquer d\u00favida ou quest\u00e3o relativamente \u00e0 nossa Pol\u00edtica de Cookies ou \u00e0 utiliza\u00e7\u00e3o de cookies no nosso site, n\u00e3o hesite em contactar-nos atrav\u00e9s do endere\u00e7o de email <a href=\"mailto:elastikepisodelda@outlook.com\">elastikepisodelda@outlook.com<\/a> ou do formul\u00e1rio disponibilizado em <a href=\"https:\/\/elastikepisode.com\/get-in-touch\/\">elastikepisode.com\/get-in-touch\/<\/a>. \u00c9 nosso compromisso responder de forma r\u00e1pida e transparente \u00e0s suas quest\u00f5es.<\/p>\n","protected":false},"excerpt":{"rendered":"<p>A Elastik Episode Lda utiliza cookies e tecnologias semelhantes para melhorar a sua experi\u00eancia ao navegar no nosso site. A sua privacidade e uma comunica\u00e7\u00e3o transparente s\u00e3o a nossa prioridade e a presente Pol\u00edtica de Cookies explica o que s\u00e3o cookies, como os utilizamos, e como pode, enquanto utilizador do nosso site, gerir as suas [&hellip;]<\/p>\n","protected":false},"author":1,"featured_media":0,"parent":0,"menu_order":0,"comment_status":"closed","ping_status":"closed","template":"template-pages\/policy.php","meta":{"_acf_changed":false,"footnotes":""},"class_list":["post-302","page","type-page","status-publish","hentry"],"acf":[],"yoast_head":"<!-- This site is optimized with the Yoast SEO plugin v23.3 - https:\/\/yoast.com\/wordpress\/plugins\/seo\/ -->\n<title>Pol\u00edtica de Cookies - Elastik Episode<\/title>\n<meta name=\"robots\" content=\"index, follow, max-snippet:-1, max-image-preview:large, max-video-preview:-1\" \/>\n<link rel=\"canonical\" href=\"https:\/\/elastikepisode.com\/pt-pt\/cookie-policy\/\" \/>\n<meta property=\"og:locale\" content=\"pt_PT\" \/>\n<meta property=\"og:type\" content=\"article\" \/>\n<meta property=\"og:title\" content=\"Pol\u00edtica de Cookies - Elastik Episode\" \/>\n<meta property=\"og:description\" content=\"A Elastik Episode Lda utiliza cookies e tecnologias semelhantes para melhorar a sua experi\u00eancia ao navegar no nosso site. A sua privacidade e uma comunica\u00e7\u00e3o transparente s\u00e3o a nossa prioridade e a presente Pol\u00edtica de Cookies explica o que s\u00e3o cookies, como os utilizamos, e como pode, enquanto utilizador do nosso site, gerir as suas [&hellip;]\" \/>\n<meta property=\"og:url\" content=\"https:\/\/elastikepisode.com\/pt-pt\/cookie-policy\/\" \/>\n<meta property=\"og:site_name\" content=\"Elastik Episode\" \/>\n<meta property=\"article:modified_time\" content=\"2024-04-22T19:31:25+00:00\" \/>\n<meta name=\"twitter:card\" content=\"summary_large_image\" \/>\n<meta name=\"twitter:label1\" content=\"Tempo estimado de leitura\" \/>\n\t<meta name=\"twitter:data1\" content=\"3 minutos\" \/>\n<script type=\"application\/ld+json\" class=\"yoast-schema-graph\">{\"@context\":\"https:\/\/schema.org\",\"@graph\":[{\"@type\":\"WebPage\",\"@id\":\"https:\/\/elastikepisode.com\/pt-pt\/cookie-policy\/\",\"url\":\"https:\/\/elastikepisode.com\/pt-pt\/cookie-policy\/\",\"name\":\"Pol\u00edtica de Cookies - Elastik Episode\",\"isPartOf\":{\"@id\":\"https:\/\/elastikepisode.com\/#website\"},\"datePublished\":\"2024-04-09T15:17:02+00:00\",\"dateModified\":\"2024-04-22T19:31:25+00:00\",\"breadcrumb\":{\"@id\":\"https:\/\/elastikepisode.com\/pt-pt\/cookie-policy\/#breadcrumb\"},\"inLanguage\":\"pt-PT\",\"potentialAction\":[{\"@type\":\"ReadAction\",\"target\":[\"https:\/\/elastikepisode.com\/pt-pt\/cookie-policy\/\"]}]},{\"@type\":\"BreadcrumbList\",\"@id\":\"https:\/\/elastikepisode.com\/pt-pt\/cookie-policy\/#breadcrumb\",\"itemListElement\":[{\"@type\":\"ListItem\",\"position\":1,\"name\":\"Home\",\"item\":\"https:\/\/elastikepisode.com\/pt-pt\/\"},{\"@type\":\"ListItem\",\"position\":2,\"name\":\"Pol\u00edtica de Cookies\"}]},{\"@type\":\"WebSite\",\"@id\":\"https:\/\/elastikepisode.com\/#website\",\"url\":\"https:\/\/elastikepisode.com\/\",\"name\":\"Elastik Episode\",\"description\":\"\",\"publisher\":{\"@id\":\"https:\/\/elastikepisode.com\/#organization\"},\"potentialAction\":[{\"@type\":\"SearchAction\",\"target\":{\"@type\":\"EntryPoint\",\"urlTemplate\":\"https:\/\/elastikepisode.com\/?s={search_term_string}\"},\"query-input\":\"required name=search_term_string\"}],\"inLanguage\":\"pt-PT\"},{\"@type\":\"Organization\",\"@id\":\"https:\/\/elastikepisode.com\/#organization\",\"name\":\"Elastik Episode\",\"url\":\"https:\/\/elastikepisode.com\/\",\"logo\":{\"@type\":\"ImageObject\",\"inLanguage\":\"pt-PT\",\"@id\":\"https:\/\/elastikepisode.com\/#\/schema\/logo\/image\/\",\"url\":\"https:\/\/elastikepisode.com\/wp-content\/uploads\/2024\/04\/logo-black.svg\",\"contentUrl\":\"https:\/\/elastikepisode.com\/wp-content\/uploads\/2024\/04\/logo-black.svg\",\"width\":132,\"height\":24,\"caption\":\"Elastik Episode\"},\"image\":{\"@id\":\"https:\/\/elastikepisode.com\/#\/schema\/logo\/image\/\"}}]}<\/script>\n<!-- \/ Yoast SEO plugin. -->","yoast_head_json":{"title":"Pol\u00edtica de Cookies - Elastik Episode","robots":{"index":"index","follow":"follow","max-snippet":"max-snippet:-1","max-image-preview":"max-image-preview:large","max-video-preview":"max-video-preview:-1"},"canonical":"https:\/\/elastikepisode.com\/pt-pt\/cookie-policy\/","og_locale":"pt_PT","og_type":"article","og_title":"Pol\u00edtica de Cookies - Elastik Episode","og_description":"A Elastik Episode Lda utiliza cookies e tecnologias semelhantes para melhorar a sua experi\u00eancia ao navegar no nosso site. A sua privacidade e uma comunica\u00e7\u00e3o transparente s\u00e3o a nossa prioridade e a presente Pol\u00edtica de Cookies explica o que s\u00e3o cookies, como os utilizamos, e como pode, enquanto utilizador do nosso site, gerir as suas [&hellip;]","og_url":"https:\/\/elastikepisode.com\/pt-pt\/cookie-policy\/","og_site_name":"Elastik Episode","article_modified_time":"2024-04-22T19:31:25+00:00","twitter_card":"summary_large_image","twitter_misc":{"Tempo estimado de leitura":"3 minutos"},"schema":{"@context":"https:\/\/schema.org","@graph":[{"@type":"WebPage","@id":"https:\/\/elastikepisode.com\/pt-pt\/cookie-policy\/","url":"https:\/\/elastikepisode.com\/pt-pt\/cookie-policy\/","name":"Pol\u00edtica de Cookies - Elastik Episode","isPartOf":{"@id":"https:\/\/elastikepisode.com\/#website"},"datePublished":"2024-04-09T15:17:02+00:00","dateModified":"2024-04-22T19:31:25+00:00","breadcrumb":{"@id":"https:\/\/elastikepisode.com\/pt-pt\/cookie-policy\/#breadcrumb"},"inLanguage":"pt-PT","potentialAction":[{"@type":"ReadAction","target":["https:\/\/elastikepisode.com\/pt-pt\/cookie-policy\/"]}]},{"@type":"BreadcrumbList","@id":"https:\/\/elastikepisode.com\/pt-pt\/cookie-policy\/#breadcrumb","itemListElement":[{"@type":"ListItem","position":1,"name":"Home","item":"https:\/\/elastikepisode.com\/pt-pt\/"},{"@type":"ListItem","position":2,"name":"Pol\u00edtica de Cookies"}]},{"@type":"WebSite","@id":"https:\/\/elastikepisode.com\/#website","url":"https:\/\/elastikepisode.com\/","name":"Elastik Episode","description":"","publisher":{"@id":"https:\/\/elastikepisode.com\/#organization"},"potentialAction":[{"@type":"SearchAction","target":{"@type":"EntryPoint","urlTemplate":"https:\/\/elastikepisode.com\/?s={search_term_string}"},"query-input":"required name=search_term_string"}],"inLanguage":"pt-PT"},{"@type":"Organization","@id":"https:\/\/elastikepisode.com\/#organization","name":"Elastik Episode","url":"https:\/\/elastikepisode.com\/","logo":{"@type":"ImageObject","inLanguage":"pt-PT","@id":"https:\/\/elastikepisode.com\/#\/schema\/logo\/image\/","url":"https:\/\/elastikepisode.com\/wp-content\/uploads\/2024\/04\/logo-black.svg","contentUrl":"https:\/\/elastikepisode.com\/wp-content\/uploads\/2024\/04\/logo-black.svg","width":132,"height":24,"caption":"Elastik Episode"},"image":{"@id":"https:\/\/elastikepisode.com\/#\/schema\/logo\/image\/"}}]}},"_links":{"self":[{"href":"https:\/\/elastikepisode.com\/pt-pt\/wp-json\/wp\/v2\/pages\/302"}],"collection":[{"href":"https:\/\/elastikepisode.com\/pt-pt\/wp-json\/wp\/v2\/pages"}],"about":[{"href":"https:\/\/elastikepisode.com\/pt-pt\/wp-json\/wp\/v2\/types\/page"}],"author":[{"embeddable":true,"href":"https:\/\/elastikepisode.com\/pt-pt\/wp-json\/wp\/v2\/users\/1"}],"replies":[{"embeddable":true,"href":"https:\/\/elastikepisode.com\/pt-pt\/wp-json\/wp\/v2\/comments?post=302"}],"version-history":[{"count":4,"href":"https:\/\/elastikepisode.com\/pt-pt\/wp-json\/wp\/v2\/pages\/302\/revisions"}],"predecessor-version":[{"id":390,"href":"https:\/\/elastikepisode.com\/pt-pt\/wp-json\/wp\/v2\/pages\/302\/revisions\/390"}],"wp:attachment":[{"href":"https:\/\/elastikepisode.com\/pt-pt\/wp-json\/wp\/v2\/media?parent=302"}],"curies":[{"name":"wp","href":"https:\/\/api.w.org\/{rel}","templated":true}]}}